{"id":241,"date":"2017-11-08T16:48:42","date_gmt":"2017-11-08T15:48:42","guid":{"rendered":"http:\/\/fiderecomz.cluster023.hosting.ovh.net\/mentions-legales\/"},"modified":"2022-09-27T09:27:58","modified_gmt":"2022-09-27T07:27:58","slug":"mentions-legales","status":"publish","type":"page","link":"https:\/\/fiderec.com\/en\/mentions-legales\/","title":{"rendered":"Terms and conditions"},"content":{"rendered":"<p><strong>Site r\u00e9alis\u00e9 par l\u2019agence NID\u00c9PICES<\/strong><br \/>\nSARL au capital de 10 000 euros<br \/>\nRCS Nanterre 800 429 102<br \/>\nSi\u00e8ge social : 36 rue de Silly 92100 Boulogne-Billancourt<br \/>\nT\u00e9l. : 01 46 08 29 78<\/p>\n<p><strong>Site h\u00e9berg\u00e9 par OVH<\/strong><br \/>\nSAS au capital de 10 069 020 \u20ac<br \/>\nRCS : Lille M\u00e9tropole 424 761 419 00045<br \/>\nCode APE 2620Z<br \/>\nN\u00b0 TVA : FR 22 424 761 419<br \/>\nSi\u00e8ge social : 2 rue Kellermann 59100 Roubaix<\/p>\n<p><strong>Editeur : FIDEREC<\/strong><br \/>\nSARL au capital de 1 270 000 euros<br \/>\nRCS Paris 500 793 435<br \/>\nSi\u00e8ge social : 6 rue de Musset 75016 Paris<br \/>\nT\u00e9l. : 01 80 22 00 01<\/p>\n<p>Propri\u00e9t\u00e9 intellectuelle :<br \/>\nL&#8217;ensemble de ce site rel\u00e8ve des l\u00e9gislations Fran\u00e7aises et Internationales sur les droits d&#8217;auteur et la propri\u00e9t\u00e9 intellectuelle. Tous les droits de reproduction sont r\u00e9serv\u00e9s pour les textes et les photographies de ce site. La reproduction de tout ou partie de ce site sur un support \u00e9lectronique ou autre quel qu&#8217;il soit, est formellement interdite sauf autorisation \u00e9crite de l&#8217;auteur, conform\u00e9ment \u00e0 l&#8217;article L 122-4 du Code de la Propri\u00e9t\u00e9 intellectuelle.<\/p>\n<p>Liens hypertextes &amp; droit de r\u00e9ponse :<br \/>\nLes liens hypertextes mis en place dans le cadre du pr\u00e9sent site internet en direction d&#8217;autres ressources pr\u00e9sentes sur le r\u00e9seau Internet, et notamment vers ses partenaires ont fait l&#8217;objet d&#8217;une autorisation pr\u00e9alable, expresse et \u00e9crite aupr\u00e8s de l&#8217;\u00e9diteur. &#8211; Toute personne cit\u00e9e sur le site peut faire valoir un droit de r\u00e9ponse. Une simple demande sera adress\u00e9e par courrier.<\/p>\n","protected":false},"excerpt":{"rendered":"Site r\u00e9alis\u00e9 par l\u2019agence NID\u00c9PICES SARL au capital de 10 000 euros RCS Nanterre 800 429 102 Si\u00e8ge social : 36 rue de Silly 92100 Boulogne-Billancourt T\u00e9l. : 01 46 08 29 78 Site h\u00e9berg\u00e9 par OVH SAS au capital de 10 069 020 \u20ac RCS : Lille M\u00e9tropole 424 761 419 00045 Code APE&#8230; <a class=\"view-article\" href=\"https:\/\/fiderec.com\/en\/mentions-legales\/\">View Article<\/a>","protected":false},"author":1,"featured_media":0,"parent":0,"menu_order":0,"comment_status":"closed","ping_status":"closed","template":"","meta":{"_acf_changed":false,"_monsterinsights_skip_tracking":false,"_monsterinsights_sitenote_active":false,"_monsterinsights_sitenote_note":"","_monsterinsights_sitenote_category":0,"footnotes":""},"class_list":["post-241","page","type-page","status-publish","hentry"],"acf":[],"yoast_head":"<!-- This site is optimized with the Yoast SEO plugin v27.4 - https:\/\/yoast.com\/product\/yoast-seo-wordpress\/ -->\n<title>Terms and conditions - Fiderec<\/title>\n<meta name=\"robots\" content=\"index, follow, max-snippet:-1, max-image-preview:large, max-video-preview:-1\" \/>\n<link rel=\"canonical\" href=\"https:\/\/fiderec.com\/en\/mentions-legales\/\" \/>\n<meta property=\"og:locale\" content=\"en_US\" \/>\n<meta property=\"og:type\" content=\"article\" \/>\n<meta property=\"og:title\" content=\"Terms and conditions - Fiderec\" \/>\n<meta property=\"og:description\" content=\"Site r\u00e9alis\u00e9 par l\u2019agence NID\u00c9PICES SARL au capital de 10 000 euros RCS Nanterre 800 429 102 Si\u00e8ge social : 36 rue de Silly 92100 Boulogne-Billancourt T\u00e9l. : 01 46 08 29 78 Site h\u00e9berg\u00e9 par OVH SAS au capital de 10 069 020 \u20ac RCS : Lille M\u00e9tropole 424 761 419 00045 Code APE... View Article\" \/>\n<meta property=\"og:url\" content=\"https:\/\/fiderec.com\/en\/mentions-legales\/\" \/>\n<meta property=\"og:site_name\" content=\"Fiderec\" \/>\n<meta property=\"article:modified_time\" content=\"2022-09-27T07:27:58+00:00\" \/>\n<meta name=\"twitter:card\" content=\"summary_large_image\" \/>\n<meta name=\"twitter:label1\" content=\"Est. reading time\" \/>\n\t<meta name=\"twitter:data1\" content=\"2 minutes\" \/>\n<script type=\"application\/ld+json\" class=\"yoast-schema-graph\">{\"@context\":\"https:\\\/\\\/schema.org\",\"@graph\":[{\"@type\":\"WebPage\",\"@id\":\"https:\\\/\\\/fiderec.com\\\/en\\\/mentions-legales\\\/\",\"url\":\"https:\\\/\\\/fiderec.com\\\/en\\\/mentions-legales\\\/\",\"name\":\"Terms and conditions - Fiderec\",\"isPartOf\":{\"@id\":\"https:\\\/\\\/fiderec.com\\\/en\\\/#website\"},\"datePublished\":\"2017-11-08T15:48:42+00:00\",\"dateModified\":\"2022-09-27T07:27:58+00:00\",\"breadcrumb\":{\"@id\":\"https:\\\/\\\/fiderec.com\\\/en\\\/mentions-legales\\\/#breadcrumb\"},\"inLanguage\":\"en-US\",\"potentialAction\":[{\"@type\":\"ReadAction\",\"target\":[\"https:\\\/\\\/fiderec.com\\\/en\\\/mentions-legales\\\/\"]}]},{\"@type\":\"BreadcrumbList\",\"@id\":\"https:\\\/\\\/fiderec.com\\\/en\\\/mentions-legales\\\/#breadcrumb\",\"itemListElement\":[{\"@type\":\"ListItem\",\"position\":1,\"name\":\"Accueil\",\"item\":\"https:\\\/\\\/fiderec.com\\\/en\\\/\"},{\"@type\":\"ListItem\",\"position\":2,\"name\":\"Terms and conditions\"}]},{\"@type\":\"WebSite\",\"@id\":\"https:\\\/\\\/fiderec.com\\\/en\\\/#website\",\"url\":\"https:\\\/\\\/fiderec.com\\\/en\\\/\",\"name\":\"Fiderec\",\"description\":\"Cabinet d\u2019Expertise Comptable, d\u2019Audit et de Conseil\",\"publisher\":{\"@id\":\"https:\\\/\\\/fiderec.com\\\/en\\\/#organization\"},\"potentialAction\":[{\"@type\":\"SearchAction\",\"target\":{\"@type\":\"EntryPoint\",\"urlTemplate\":\"https:\\\/\\\/fiderec.com\\\/en\\\/?s={search_term_string}\"},\"query-input\":{\"@type\":\"PropertyValueSpecification\",\"valueRequired\":true,\"valueName\":\"search_term_string\"}}],\"inLanguage\":\"en-US\"},{\"@type\":\"Organization\",\"@id\":\"https:\\\/\\\/fiderec.com\\\/en\\\/#organization\",\"name\":\"Fiderec\",\"url\":\"https:\\\/\\\/fiderec.com\\\/en\\\/\",\"logo\":{\"@type\":\"ImageObject\",\"inLanguage\":\"en-US\",\"@id\":\"https:\\\/\\\/fiderec.com\\\/en\\\/#\\\/schema\\\/logo\\\/image\\\/\",\"url\":\"http:\\\/\\\/koskuks.cluster030.hosting.ovh.net\\\/fiderec\\\/wp-content\\\/uploads\\\/2018\\\/04\\\/fiderec.png\",\"contentUrl\":\"http:\\\/\\\/koskuks.cluster030.hosting.ovh.net\\\/fiderec\\\/wp-content\\\/uploads\\\/2018\\\/04\\\/fiderec.png\",\"width\":228,\"height\":268,\"caption\":\"Fiderec\"},\"image\":{\"@id\":\"https:\\\/\\\/fiderec.com\\\/en\\\/#\\\/schema\\\/logo\\\/image\\\/\"},\"sameAs\":[\"https:\\\/\\\/www.linkedin.com\\\/company\\\/groupe-fiderec\"]}]}<\/script>\n<!-- \/ Yoast SEO plugin. -->","yoast_head_json":{"title":"Terms and conditions - Fiderec","robots":{"index":"index","follow":"follow","max-snippet":"max-snippet:-1","max-image-preview":"max-image-preview:large","max-video-preview":"max-video-preview:-1"},"canonical":"https:\/\/fiderec.com\/en\/mentions-legales\/","og_locale":"en_US","og_type":"article","og_title":"Terms and conditions - Fiderec","og_description":"Site r\u00e9alis\u00e9 par l\u2019agence NID\u00c9PICES SARL au capital de 10 000 euros RCS Nanterre 800 429 102 Si\u00e8ge social : 36 rue de Silly 92100 Boulogne-Billancourt T\u00e9l. : 01 46 08 29 78 Site h\u00e9berg\u00e9 par OVH SAS au capital de 10 069 020 \u20ac RCS : Lille M\u00e9tropole 424 761 419 00045 Code APE... View Article","og_url":"https:\/\/fiderec.com\/en\/mentions-legales\/","og_site_name":"Fiderec","article_modified_time":"2022-09-27T07:27:58+00:00","twitter_card":"summary_large_image","twitter_misc":{"Est. reading time":"2 minutes"},"schema":{"@context":"https:\/\/schema.org","@graph":[{"@type":"WebPage","@id":"https:\/\/fiderec.com\/en\/mentions-legales\/","url":"https:\/\/fiderec.com\/en\/mentions-legales\/","name":"Terms and conditions - Fiderec","isPartOf":{"@id":"https:\/\/fiderec.com\/en\/#website"},"datePublished":"2017-11-08T15:48:42+00:00","dateModified":"2022-09-27T07:27:58+00:00","breadcrumb":{"@id":"https:\/\/fiderec.com\/en\/mentions-legales\/#breadcrumb"},"inLanguage":"en-US","potentialAction":[{"@type":"ReadAction","target":["https:\/\/fiderec.com\/en\/mentions-legales\/"]}]},{"@type":"BreadcrumbList","@id":"https:\/\/fiderec.com\/en\/mentions-legales\/#breadcrumb","itemListElement":[{"@type":"ListItem","position":1,"name":"Accueil","item":"https:\/\/fiderec.com\/en\/"},{"@type":"ListItem","position":2,"name":"Terms and conditions"}]},{"@type":"WebSite","@id":"https:\/\/fiderec.com\/en\/#website","url":"https:\/\/fiderec.com\/en\/","name":"Fiderec","description":"Cabinet d\u2019Expertise Comptable, d\u2019Audit et de Conseil","publisher":{"@id":"https:\/\/fiderec.com\/en\/#organization"},"potentialAction":[{"@type":"SearchAction","target":{"@type":"EntryPoint","urlTemplate":"https:\/\/fiderec.com\/en\/?s={search_term_string}"},"query-input":{"@type":"PropertyValueSpecification","valueRequired":true,"valueName":"search_term_string"}}],"inLanguage":"en-US"},{"@type":"Organization","@id":"https:\/\/fiderec.com\/en\/#organization","name":"Fiderec","url":"https:\/\/fiderec.com\/en\/","logo":{"@type":"ImageObject","inLanguage":"en-US","@id":"https:\/\/fiderec.com\/en\/#\/schema\/logo\/image\/","url":"http:\/\/koskuks.cluster030.hosting.ovh.net\/fiderec\/wp-content\/uploads\/2018\/04\/fiderec.png","contentUrl":"http:\/\/koskuks.cluster030.hosting.ovh.net\/fiderec\/wp-content\/uploads\/2018\/04\/fiderec.png","width":228,"height":268,"caption":"Fiderec"},"image":{"@id":"https:\/\/fiderec.com\/en\/#\/schema\/logo\/image\/"},"sameAs":["https:\/\/www.linkedin.com\/company\/groupe-fiderec"]}]}},"_links":{"self":[{"href":"https:\/\/fiderec.com\/en\/wp-json\/wp\/v2\/pages\/241","targetHints":{"allow":["GET"]}}],"collection":[{"href":"https:\/\/fiderec.com\/en\/wp-json\/wp\/v2\/pages"}],"about":[{"href":"https:\/\/fiderec.com\/en\/wp-json\/wp\/v2\/types\/page"}],"author":[{"embeddable":true,"href":"https:\/\/fiderec.com\/en\/wp-json\/wp\/v2\/users\/1"}],"replies":[{"embeddable":true,"href":"https:\/\/fiderec.com\/en\/wp-json\/wp\/v2\/comments?post=241"}],"version-history":[{"count":4,"href":"https:\/\/fiderec.com\/en\/wp-json\/wp\/v2\/pages\/241\/revisions"}],"predecessor-version":[{"id":426,"href":"https:\/\/fiderec.com\/en\/wp-json\/wp\/v2\/pages\/241\/revisions\/426"}],"wp:attachment":[{"href":"https:\/\/fiderec.com\/en\/wp-json\/wp\/v2\/media?parent=241"}],"curies":[{"name":"wp","href":"https:\/\/api.w.org\/{rel}","templated":true}]}}